{"id":6,"date":"2014-05-15T18:09:33","date_gmt":"2014-05-15T18:09:33","guid":{"rendered":"http:\/\/fixkids.dk\/?page_id=6"},"modified":"2021-04-15T07:10:45","modified_gmt":"2021-04-15T07:10:45","slug":"om-fixkids","status":"publish","type":"page","link":"https:\/\/fixkids.dk\/?page_id=6","title":{"rendered":"Om FixKids"},"content":{"rendered":"<p>Fixkids.dk er en hjemmeside, som g\u00e5r h\u00f8jt op i alt, som har med t\u00f8j at g\u00f8re. Vi skriver ogs\u00e5 om mange andre ting. Men det skal du ikke lade dig forvirre af. Det er og bliver t\u00f8j, som interesserer os allermest.<\/p>\n<p>Skulle du mene, at du har behov for at komme i kontakt med os, kan du g\u00f8re det nedenfor:<\/p>\n\n<div class=\"wpcf7 no-js\" id=\"wpcf7-f8-o1\" lang=\"da-DK\" dir=\"ltr\" data-wpcf7-id=\"8\">\n<div class=\"screen-reader-response\"><p role=\"status\" aria-live=\"polite\" aria-atomic=\"true\"><\/p> <ul><\/ul><\/div>\n<form action=\"\/index.php?rest_route=%2Fwp%2Fv2%2Fpages%2F6#wpcf7-f8-o1\" method=\"post\" class=\"wpcf7-form init\" aria-label=\"Kontaktformular\" novalidate=\"novalidate\" data-status=\"init\">\n<fieldset class=\"hidden-fields-container\"><input type=\"hidden\" name=\"_wpcf7\" value=\"8\" \/><input type=\"hidden\" name=\"_wpcf7_version\" value=\"6.1.5\" \/><input type=\"hidden\" name=\"_wpcf7_locale\" value=\"da_DK\" \/><input type=\"hidden\" name=\"_wpcf7_unit_tag\" value=\"wpcf7-f8-o1\" \/><input type=\"hidden\" name=\"_wpcf7_container_post\" value=\"0\" \/><input type=\"hidden\" name=\"_wpcf7_posted_data_hash\" value=\"\" \/>\n<\/fieldset>\n<p>Dit navn (skal udfyldes)\n<\/p>\n<p><span class=\"wpcf7-form-control-wrap\" data-name=\"your-name\"><input size=\"40\" maxlength=\"400\" class=\"wpcf7-form-control wpcf7-text wpcf7-validates-as-required\" aria-required=\"true\" aria-invalid=\"false\" value=\"\" type=\"text\" name=\"your-name\" \/><\/span>\n<\/p>\n<p>Din e-mail (skal udfyldes)\n<\/p>\n<p><span class=\"wpcf7-form-control-wrap\" data-name=\"your-email\"><input size=\"40\" maxlength=\"400\" class=\"wpcf7-form-control wpcf7-email wpcf7-validates-as-required wpcf7-text wpcf7-validates-as-email\" aria-required=\"true\" aria-invalid=\"false\" value=\"\" type=\"email\" name=\"your-email\" \/><\/span>\n<\/p>\n<p>Emne\n<\/p>\n<p><span class=\"wpcf7-form-control-wrap\" data-name=\"your-subject\"><input size=\"40\" maxlength=\"400\" class=\"wpcf7-form-control wpcf7-text\" aria-invalid=\"false\" value=\"\" type=\"text\" name=\"your-subject\" \/><\/span>\n<\/p>\n<p>Din besked\n<\/p>\n<p><span class=\"wpcf7-form-control-wrap\" data-name=\"your-message\"><textarea cols=\"40\" rows=\"10\" maxlength=\"2000\" class=\"wpcf7-form-control wpcf7-textarea\" aria-invalid=\"false\" name=\"your-message\"><\/textarea><\/span>\n<\/p>\n<p><span class=\"wpcf7-form-control-wrap\" data-name=\"quiz-230\"><label><span class=\"wpcf7-quiz-label\">Hvad hedder Danmarks hovedstad<\/span> <input size=\"40\" class=\"wpcf7-form-control wpcf7-quiz\" autocomplete=\"off\" aria-required=\"true\" aria-invalid=\"false\" type=\"text\" name=\"quiz-230\" \/><\/label><input type=\"hidden\" name=\"_wpcf7_quiz_answer_quiz-230\" value=\"a0bfa11e7f6cfe3243b3310bdcd6ae4a\" \/><\/span>\n<\/p>\n<p><span id=\"wpcf7-69dec1de88431-wrapper\" class=\"wpcf7-form-control-wrap honeyanti-59-wrap\" style=\"display:none !important; visibility:hidden !important;\"><input type=\"hidden\" name=\"honeyanti-59-time-start\" value=\"1776206302\"><input type=\"hidden\" name=\"honeyanti-59-time-check\" value=\"4\"><label for=\"wpcf7-69dec1de88431-field\" class=\"hp-message\">Please leave this field empty.<\/label><input id=\"wpcf7-69dec1de88431-field\"  class=\"wpcf7-form-control wpcf7-text\" type=\"text\" name=\"honeyanti-59\" value=\"\" size=\"40\" tabindex=\"-1\" autocomplete=\"new-password\" \/><\/span>\n<\/p>\n<p><span class=\"wpcf7-form-control-wrap kc_captcha\" data-name=\"kc_captcha\"><span class=\"wpcf7-form-control wpcf7-radio\"><span class=\"captcha-image\" ><span class=\"cf7ic_instructions\">Bevis venligst, at du er et menneske ved at v\u00e6lge<span> n\u00f8gle<\/span>.<\/span><label><input aria-label=\"1\" type=\"radio\" name=\"kc_captcha\" value=\"bot\" \/><svg aria-hidden=\"true\" role=\"img\" xmlns=\"http:\/\/www.w3.org\/2000\/svg\" viewBox=\"0 0 576 512\"><path fill=\"currentColor\" d=\"M488 313v143c0 13-11 24-24 24H348c-7 0-12-5-12-12V356c0-7-5-12-12-12h-72c-7 0-12 5-12 12v112c0 7-5 12-12 12H112c-13 0-24-11-24-24V313c0-4 2-7 4-10l188-154c5-4 11-4 16 0l188 154c2 3 4 6 4 10zm84-61l-84-69V44c0-6-5-12-12-12h-56c-7 0-12 6-12 12v73l-89-74a48 48 0 00-61 0L4 252c-5 4-5 12-1 17l25 31c5 5 12 5 17 1l235-193c5-4 11-4 16 0l235 193c5 5 13 4 17-1l25-31c4-6 4-13-1-17z\"\/><\/svg><\/label><label><input aria-label=\"2\" type=\"radio\" name=\"kc_captcha\" value=\"bot\" \/><svg aria-hidden=\"true\" role=\"img\" xmlns=\"http:\/\/www.w3.org\/2000\/svg\" viewBox=\"0 0 512 512\"><path fill=\"currentColor\" d=\"M500 168h-55l-8-21a127 127 0 00-120-83H195a127 127 0 00-120 83l-8 21H12c-8 0-14 8-11 16l8 24a12 12 0 0011 8h29a64 64 0 00-33 56v48c0 16 6 31 16 42v62c0 13 11 24 24 24h48c13 0 24-11 24-24v-40h256v40c0 13 11 24 24 24h48c13 0 24-11 24-24v-62c10-11 16-26 16-42v-48c0-24-13-45-33-56h29a12 12 0 0011-8l8-24c3-8-3-16-11-16zm-365 2c9-25 33-42 60-42h122c27 0 51 17 60 42l15 38H120l15-38zM88 328a32 32 0 010-64c18 0 48 30 48 48s-30 16-48 16zm336 0c-18 0-48 2-48-16s30-48 48-48 32 14 32 32-14 32-32 32z\"\/><\/svg><\/label><label><input aria-label=\"3\" type=\"radio\" name=\"kc_captcha\" value=\"kc_human\" \/><svg aria-hidden=\"true\" role=\"img\" xmlns=\"http:\/\/www.w3.org\/2000\/svg\" viewBox=\"0 0 512 512\"><path fill=\"currentColor\" d=\"M512 176a176 176 0 01-209 173l-24 27a24 24 0 01-18 8h-37v40c0 13-11 24-24 24h-40v40c0 13-11 24-24 24H24c-13 0-24-11-24-24v-78c0-6 3-13 7-17l162-162a176 176 0 11343-55zm-176-48a48 48 0 1096 0 48 48 0 00-96 0z\"\/><\/svg><\/label>\r\n    <\/span>\r\n    <span style=\"display:none\">\r\n        <input type=\"text\" name=\"kc_honeypot\">\r\n    <\/span><\/span><\/span>\n<\/p>\n<p><input class=\"wpcf7-form-control wpcf7-submit has-spinner\" type=\"submit\" value=\"Send\" \/>\n<\/p><div class=\"wpcf7-response-output\" aria-hidden=\"true\"><\/div>\n<\/form>\n<\/div>\n\n<p><a href=\"https:\/\/fixkids.dk\/wp-content\/uploads\/2021\/04\/siteinfo-transparent.png\"><img loading=\"lazy\" decoding=\"async\" class=\"alignnone size-medium wp-image-50\" src=\"https:\/\/fixkids.dk\/wp-content\/uploads\/2021\/04\/siteinfo-transparent-300x200.png\" alt=\"\" width=\"300\" height=\"200\" srcset=\"https:\/\/fixkids.dk\/wp-content\/uploads\/2021\/04\/siteinfo-transparent-300x200.png 300w, https:\/\/fixkids.dk\/wp-content\/uploads\/2021\/04\/siteinfo-transparent.png 480w\" sizes=\"auto, (max-width: 300px) 100vw, 300px\" \/><\/a><\/p>\n<p><a href=\"https:\/\/fixkids.dk\/wp-content\/uploads\/2021\/04\/hjemmeside.png\"><img loading=\"lazy\" decoding=\"async\" class=\"alignnone size-full wp-image-54\" src=\"https:\/\/fixkids.dk\/wp-content\/uploads\/2021\/04\/hjemmeside.png\" alt=\"\" width=\"288\" height=\"77\" \/><\/a><\/p>\n<div class=\"xvwbu69dec1de89a96\" ><img src=\"https:\/\/fixkids.dk\/wp-content\/uploads\/2020\/03\/Disclaimer.png\" alt=\"Disclaimer\"><\/div><style type=\"text\/css\">\r\n@media screen and (min-width: 1201px) {\r\n.xvwbu69dec1de89a96 {\r\ndisplay: block;\r\n}\r\n}\r\n@media screen and (min-width: 993px) and (max-width: 1200px) {\r\n.xvwbu69dec1de89a96 {\r\ndisplay: block;\r\n}\r\n}\r\n@media screen and (min-width: 769px) and (max-width: 992px) {\r\n.xvwbu69dec1de89a96 {\r\ndisplay: block;\r\n}\r\n}\r\n@media screen and (min-width: 768px) and (max-width: 768px) {\r\n.xvwbu69dec1de89a96 {\r\ndisplay: block;\r\n}\r\n}\r\n@media screen and (max-width: 767px) {\r\n.xvwbu69dec1de89a96 {\r\ndisplay: block;\r\n}\r\n}\r\n<\/style>\r\n","protected":false},"excerpt":{"rendered":"<p>Fixkids.dk er en hjemmeside, som g\u00e5r h\u00f8jt op i alt, som har med t\u00f8j at g\u00f8re. Vi skriver ogs\u00e5 om mange andre ting. Men det skal du ikke lade dig forvirre af. Det er og bliver t\u00f8j, som interesserer os allermest. Skulle du mene, at du har behov for at komme i kontakt med os, kan du g\u00f8re det nedenfor:<\/p>\n","protected":false},"author":1,"featured_media":0,"parent":0,"menu_order":0,"comment_status":"closed","ping_status":"closed","template":"","meta":{"footnotes":""},"class_list":["post-6","page","type-page","status-publish","hentry"],"yoast_head":"<!-- This site is optimized with the Yoast SEO plugin v27.4 - https:\/\/yoast.com\/product\/yoast-seo-wordpress\/ -->\n<title>Om FixKids - FixKids.dk<\/title>\n<meta name=\"robots\" content=\"noindex, follow\" \/>\n<meta property=\"og:locale\" content=\"da_DK\" \/>\n<meta property=\"og:type\" content=\"article\" \/>\n<meta property=\"og:title\" content=\"Om FixKids - FixKids.dk\" \/>\n<meta property=\"og:description\" content=\"Fixkids.dk er en hjemmeside, som g\u00e5r h\u00f8jt op i alt, som har med t\u00f8j at g\u00f8re. Vi skriver ogs\u00e5 om mange andre ting. Men det skal du ikke lade dig forvirre af. Det er og bliver t\u00f8j, som interesserer os allermest. Skulle du mene, at du har behov for at komme i kontakt med os, kan du g\u00f8re det nedenfor:\" \/>\n<meta property=\"og:url\" content=\"https:\/\/fixkids.dk\/?page_id=6\" \/>\n<meta property=\"og:site_name\" content=\"FixKids.dk\" \/>\n<meta property=\"article:modified_time\" content=\"2021-04-15T07:10:45+00:00\" \/>\n<meta property=\"og:image\" content=\"https:\/\/fixkids.dk\/wp-content\/uploads\/2021\/04\/siteinfo-transparent-300x200.png\" \/>\n<meta name=\"twitter:label1\" content=\"Estimeret l\u00e6setid\" \/>\n\t<meta name=\"twitter:data1\" content=\"1 minut\" \/>\n<script type=\"application\/ld+json\" class=\"yoast-schema-graph\">{\"@context\":\"https:\\\/\\\/schema.org\",\"@graph\":[{\"@type\":\"WebPage\",\"@id\":\"https:\\\/\\\/fixkids.dk\\\/?page_id=6\",\"url\":\"https:\\\/\\\/fixkids.dk\\\/?page_id=6\",\"name\":\"Om FixKids - FixKids.dk\",\"isPartOf\":{\"@id\":\"https:\\\/\\\/fixkids.dk\\\/#website\"},\"primaryImageOfPage\":{\"@id\":\"https:\\\/\\\/fixkids.dk\\\/?page_id=6#primaryimage\"},\"image\":{\"@id\":\"https:\\\/\\\/fixkids.dk\\\/?page_id=6#primaryimage\"},\"thumbnailUrl\":\"https:\\\/\\\/fixkids.dk\\\/wp-content\\\/uploads\\\/2021\\\/04\\\/siteinfo-transparent-300x200.png\",\"datePublished\":\"2014-05-15T18:09:33+00:00\",\"dateModified\":\"2021-04-15T07:10:45+00:00\",\"breadcrumb\":{\"@id\":\"https:\\\/\\\/fixkids.dk\\\/?page_id=6#breadcrumb\"},\"inLanguage\":\"da-DK\",\"potentialAction\":[{\"@type\":\"ReadAction\",\"target\":[\"https:\\\/\\\/fixkids.dk\\\/?page_id=6\"]}]},{\"@type\":\"ImageObject\",\"inLanguage\":\"da-DK\",\"@id\":\"https:\\\/\\\/fixkids.dk\\\/?page_id=6#primaryimage\",\"url\":\"https:\\\/\\\/fixkids.dk\\\/wp-content\\\/uploads\\\/2021\\\/04\\\/siteinfo-transparent.png\",\"contentUrl\":\"https:\\\/\\\/fixkids.dk\\\/wp-content\\\/uploads\\\/2021\\\/04\\\/siteinfo-transparent.png\",\"width\":480,\"height\":320},{\"@type\":\"BreadcrumbList\",\"@id\":\"https:\\\/\\\/fixkids.dk\\\/?page_id=6#breadcrumb\",\"itemListElement\":[{\"@type\":\"ListItem\",\"position\":1,\"name\":\"Home\",\"item\":\"https:\\\/\\\/fixkids.dk\\\/\"},{\"@type\":\"ListItem\",\"position\":2,\"name\":\"Om FixKids\"}]},{\"@type\":\"WebSite\",\"@id\":\"https:\\\/\\\/fixkids.dk\\\/#website\",\"url\":\"https:\\\/\\\/fixkids.dk\\\/\",\"name\":\"FixKids.dk\",\"description\":\"Alt om b&oslash;rnet&oslash;j m.m.\",\"potentialAction\":[{\"@type\":\"SearchAction\",\"target\":{\"@type\":\"EntryPoint\",\"urlTemplate\":\"https:\\\/\\\/fixkids.dk\\\/?s={search_term_string}\"},\"query-input\":{\"@type\":\"PropertyValueSpecification\",\"valueRequired\":true,\"valueName\":\"search_term_string\"}}],\"inLanguage\":\"da-DK\"}]}<\/script>\n<!-- \/ Yoast SEO plugin. -->","yoast_head_json":{"title":"Om FixKids - FixKids.dk","robots":{"index":"noindex","follow":"follow"},"og_locale":"da_DK","og_type":"article","og_title":"Om FixKids - FixKids.dk","og_description":"Fixkids.dk er en hjemmeside, som g\u00e5r h\u00f8jt op i alt, som har med t\u00f8j at g\u00f8re. Vi skriver ogs\u00e5 om mange andre ting. Men det skal du ikke lade dig forvirre af. Det er og bliver t\u00f8j, som interesserer os allermest. Skulle du mene, at du har behov for at komme i kontakt med os, kan du g\u00f8re det nedenfor:","og_url":"https:\/\/fixkids.dk\/?page_id=6","og_site_name":"FixKids.dk","article_modified_time":"2021-04-15T07:10:45+00:00","og_image":[{"url":"https:\/\/fixkids.dk\/wp-content\/uploads\/2021\/04\/siteinfo-transparent-300x200.png","type":"","width":"","height":""}],"twitter_misc":{"Estimeret l\u00e6setid":"1 minut"},"schema":{"@context":"https:\/\/schema.org","@graph":[{"@type":"WebPage","@id":"https:\/\/fixkids.dk\/?page_id=6","url":"https:\/\/fixkids.dk\/?page_id=6","name":"Om FixKids - FixKids.dk","isPartOf":{"@id":"https:\/\/fixkids.dk\/#website"},"primaryImageOfPage":{"@id":"https:\/\/fixkids.dk\/?page_id=6#primaryimage"},"image":{"@id":"https:\/\/fixkids.dk\/?page_id=6#primaryimage"},"thumbnailUrl":"https:\/\/fixkids.dk\/wp-content\/uploads\/2021\/04\/siteinfo-transparent-300x200.png","datePublished":"2014-05-15T18:09:33+00:00","dateModified":"2021-04-15T07:10:45+00:00","breadcrumb":{"@id":"https:\/\/fixkids.dk\/?page_id=6#breadcrumb"},"inLanguage":"da-DK","potentialAction":[{"@type":"ReadAction","target":["https:\/\/fixkids.dk\/?page_id=6"]}]},{"@type":"ImageObject","inLanguage":"da-DK","@id":"https:\/\/fixkids.dk\/?page_id=6#primaryimage","url":"https:\/\/fixkids.dk\/wp-content\/uploads\/2021\/04\/siteinfo-transparent.png","contentUrl":"https:\/\/fixkids.dk\/wp-content\/uploads\/2021\/04\/siteinfo-transparent.png","width":480,"height":320},{"@type":"BreadcrumbList","@id":"https:\/\/fixkids.dk\/?page_id=6#breadcrumb","itemListElement":[{"@type":"ListItem","position":1,"name":"Home","item":"https:\/\/fixkids.dk\/"},{"@type":"ListItem","position":2,"name":"Om FixKids"}]},{"@type":"WebSite","@id":"https:\/\/fixkids.dk\/#website","url":"https:\/\/fixkids.dk\/","name":"FixKids.dk","description":"Alt om b&oslash;rnet&oslash;j m.m.","potentialAction":[{"@type":"SearchAction","target":{"@type":"EntryPoint","urlTemplate":"https:\/\/fixkids.dk\/?s={search_term_string}"},"query-input":{"@type":"PropertyValueSpecification","valueRequired":true,"valueName":"search_term_string"}}],"inLanguage":"da-DK"}]}},"_links":{"self":[{"href":"https:\/\/fixkids.dk\/index.php?rest_route=\/wp\/v2\/pages\/6","targetHints":{"allow":["GET"]}}],"collection":[{"href":"https:\/\/fixkids.dk\/index.php?rest_route=\/wp\/v2\/pages"}],"about":[{"href":"https:\/\/fixkids.dk\/index.php?rest_route=\/wp\/v2\/types\/page"}],"author":[{"embeddable":true,"href":"https:\/\/fixkids.dk\/index.php?rest_route=\/wp\/v2\/users\/1"}],"replies":[{"embeddable":true,"href":"https:\/\/fixkids.dk\/index.php?rest_route=%2Fwp%2Fv2%2Fcomments&post=6"}],"version-history":[{"count":4,"href":"https:\/\/fixkids.dk\/index.php?rest_route=\/wp\/v2\/pages\/6\/revisions"}],"predecessor-version":[{"id":60,"href":"https:\/\/fixkids.dk\/index.php?rest_route=\/wp\/v2\/pages\/6\/revisions\/60"}],"wp:attachment":[{"href":"https:\/\/fixkids.dk\/index.php?rest_route=%2Fwp%2Fv2%2Fmedia&parent=6"}],"curies":[{"name":"wp","href":"https:\/\/api.w.org\/{rel}","templated":true}]}}